{"id":462,"date":"2021-04-08T15:40:32","date_gmt":"2021-04-08T14:40:32","guid":{"rendered":"https:\/\/plenum-vs.ch\/?page_id=462"},"modified":"2021-04-08T16:02:00","modified_gmt":"2021-04-08T15:02:00","slug":"info-button","status":"publish","type":"page","link":"https:\/\/plenum-vs.ch\/index.php\/info-button\/","title":{"rendered":"Info Button und Kontakt"},"content":{"rendered":"<p>[et_pb_section fb_built=&#187;1&#8243; custom_padding_last_edited=&#187;off|desktop&#187; admin_label=&#187;Hero&#187; _builder_version=&#187;3.22&#8243; use_background_color_gradient=&#187;on&#187; background_color_gradient_start=&#187;#ffffff&#187; background_color_gradient_end=&#187;#e7edf9&#8243; custom_margin=&#187;|||&#187; custom_padding=&#187;100px||100px|&#187; custom_padding_tablet=&#187;130px||130px|&#187;][et_pb_row column_structure=&#187;1_2,1_2&#8243; _builder_version=&#187;3.25&#8243; background_size=&#187;initial&#187; background_position=&#187;top_left&#187; background_repeat=&#187;repeat&#187; custom_margin=&#187;|||&#187;][et_pb_column type=&#187;1_2&#8243; _builder_version=&#187;3.25&#8243; custom_padding=&#187;|||&#187; custom_padding__hover=&#187;|||&#187;][et_pb_text _builder_version=&#187;4.9.2&#8243; header_font=&#187;Merriweather|700|||||||&#187; header_font_size=&#187;46px&#187; header_line_height=&#187;1.3em&#187; custom_margin=&#187;||0px|&#187; animation_style=&#187;flip&#187; animation_direction=&#187;top&#187;]<\/p>\n<h1>Registrieren und Mitglied werden<\/h1>\n<p>[\/et_pb_text][et_pb_divider color=&#187;#4646c4&#8243; divider_position=&#187;center&#187; divider_weight=&#187;2px&#187; _builder_version=&#187;3.2&#8243; max_width=&#187;90px&#187; max_width_tablet=&#187;12%&#187; max_width_last_edited=&#187;off|desktop&#187; custom_margin=&#187;|||&#187; animation_style=&#187;flip&#187; animation_delay=&#187;50ms&#187;][\/et_pb_divider][et_pb_text _builder_version=&#187;4.9.2&#8243; text_font=&#187;||||||||&#187; text_font_size=&#187;20px&#187; text_line_height=&#187;1.8em&#187; custom_margin=&#187;25px|||&#187; animation_style=&#187;flip&#187; animation_direction=&#187;top&#187; animation_delay=&#187;100ms&#187;]<\/p>\n<p>Hier finden Sie in K\u00fcrze das Anmeldeformular f\u00fcr Events (z.B. Walliser des Jahres) sowie die M\u00f6glichkeit sich f\u00fcr eine Mitgliedschaft anzumelden. Wir werden dazu auch eine online-Bezahlm\u00f6glichkeit einrichten.<\/p>\n<p>[\/et_pb_text][\/et_pb_column][et_pb_column type=&#187;1_2&#8243; _builder_version=&#187;3.25&#8243; custom_padding=&#187;|||&#187; custom_padding__hover=&#187;|||&#187;][et_pb_image src=&#187;https:\/\/plenum-vs.ch\/wp-content\/uploads\/2021\/03\/PVS_logo_stern.png&#187; title_text=&#187;PVS_logo_stern&#187; force_fullwidth=&#187;on&#187; align_tablet=&#187;center&#187; align_phone=&#187;&#187; align_last_edited=&#187;on|desktop&#187; _builder_version=&#187;4.9.2&#8243; animation_style=&#187;slide&#187; animation_direction=&#187;right&#187; animation_intensity_slide=&#187;10%&#187;][\/et_pb_image][\/et_pb_column][\/et_pb_row][\/et_pb_section][et_pb_section fb_built=&#187;1&#8243; disabled_on=&#187;off|off|off&#187; _builder_version=&#187;3.22&#8243; background_color=&#187;#f5f9fb&#187; custom_padding=&#187;0px|0px|100px|0px&#187; box_shadow_style=&#187;preset4&#8243; box_shadow_horizontal=&#187;0px&#187; box_shadow_vertical=&#187;120px&#187; box_shadow_color=&#187;#e7edf9&#8243; box_shadow_position=&#187;inner&#187;][et_pb_row disabled_on=&#187;on|on|on&#187; admin_label=&#187;Map&#187; _builder_version=&#187;3.25&#8243; max_width=&#187;1700px&#187; custom_padding=&#187;0px|0px|0px|0px&#187; use_custom_width=&#187;on&#187; custom_width_px=&#187;1700px&#187; disabled=&#187;on&#187;][et_pb_column type=&#187;4_4&#8243; _builder_version=&#187;3.25&#8243; custom_padding=&#187;|||&#187; custom_padding__hover=&#187;|||&#187;][et_pb_map address=&#187;San Francisco, CA, USA&#187; zoom_level=&#187;17&#8243; address_lat=&#187;37.7749295&#8243; address_lng=&#187;-122.4194155&#8243; _builder_version=&#187;3.0.105&#8243; filter_hue_rotate=&#187;166deg&#187; filter_saturate=&#187;8%&#187;][et_pb_map_pin pin_address=&#187;San Francisco, CA, USA&#187; pin_address_lat=&#187;37.7749295&#8243; pin_address_lng=&#187;-122.4194155&#8243; _builder_version=&#187;3.0.105&#8243;][\/et_pb_map_pin][\/et_pb_map][\/et_pb_column][\/et_pb_row][et_pb_row column_structure=&#187;1_3,1_3,1_3&#8243; use_custom_gutter=&#187;on&#187; gutter_width=&#187;2&#8243; disabled_on=&#187;on|on|on&#187; admin_label=&#187;Contact Info&#187; _builder_version=&#187;3.25&#8243; background_size=&#187;initial&#187; background_position=&#187;top_center&#187; background_repeat=&#187;repeat&#187; custom_margin=&#187;||100px|&#187; custom_padding=&#187;|||&#187; disabled=&#187;on&#187;][et_pb_column type=&#187;1_3&#8243; _builder_version=&#187;3.25&#8243; custom_padding=&#187;|||&#187; custom_padding_tablet=&#187;|||0px&#187; custom_padding_last_edited=&#187;off|desktop&#187; padding_tablet=&#187;|||0px&#187; padding_last_edited=&#187;off|desktop&#187; custom_padding__hover=&#187;|||&#187;][et_pb_blurb title=&#187;Email Us&#187; use_icon=&#187;on&#187; font_icon=&#187;%%238%%&#187; icon_color=&#187;#ffffff&#187; use_circle=&#187;on&#187; circle_color=&#187;#bcc2cd&#187; use_icon_font_size=&#187;on&#187; icon_font_size=&#187;30px&#187; _builder_version=&#187;3.0.105&#8243; header_font=&#187;Merriweather|700|||||||&#187; header_text_color=&#187;#4646c4&#8243; header_font_size=&#187;20px&#187; header_line_height=&#187;2em&#187; body_font=&#187;||||||||&#187; body_font_size=&#187;16px&#187; body_line_height=&#187;1.8em&#187; background_color=&#187;#ffffff&#187; text_orientation=&#187;center&#187; custom_margin=&#187;-100px|||&#187; custom_margin_tablet=&#187;0px|||&#187; custom_margin_phone=&#187;&#187; custom_margin_last_edited=&#187;on|tablet&#187; custom_padding=&#187;40px|30px|40px|30px&#187; animation_style=&#187;zoom&#187; animation_intensity_zoom=&#187;20%&#187; border_color_all=&#187;#e1e3e5&#8243;]info@diviconference.com<br \/>\n[\/et_pb_blurb][\/et_pb_column][et_pb_column type=&#187;1_3&#8243; _builder_version=&#187;3.25&#8243; custom_padding=&#187;|||&#187; custom_padding_tablet=&#187;|0px||0px&#187; custom_padding_last_edited=&#187;off|desktop&#187; padding_tablet=&#187;|0px||0px&#187; padding_last_edited=&#187;off|desktop&#187; custom_padding__hover=&#187;|||&#187;][et_pb_blurb title=&#187;Location&#187; use_icon=&#187;on&#187; font_icon=&#187;%%249%%&#187; icon_color=&#187;#ffffff&#187; use_circle=&#187;on&#187; circle_color=&#187;#bcc2cd&#187; use_icon_font_size=&#187;on&#187; icon_font_size=&#187;30px&#187; _builder_version=&#187;3.0.105&#8243; header_font=&#187;Merriweather|700|||||||&#187; header_text_color=&#187;#4646c4&#8243; header_font_size=&#187;20px&#187; header_line_height=&#187;2em&#187; body_font=&#187;||||||||&#187; body_font_size=&#187;16px&#187; body_line_height=&#187;1.8em&#187; background_color=&#187;#ffffff&#187; text_orientation=&#187;center&#187; custom_margin=&#187;-100px|||&#187; custom_margin_tablet=&#187;0px|||&#187; custom_margin_phone=&#187;&#187; custom_margin_last_edited=&#187;on|tablet&#187; custom_padding=&#187;40px|30px|40px|30px&#187; animation_style=&#187;zoom&#187; animation_delay=&#187;100ms&#187; animation_intensity_zoom=&#187;20%&#187; border_color_all=&#187;#e1e3e5&#8243;]San Francisco, California<br \/>\n[\/et_pb_blurb][\/et_pb_column][et_pb_column type=&#187;1_3&#8243; _builder_version=&#187;3.25&#8243; custom_padding=&#187;|||&#187; custom_padding_tablet=&#187;|0px||&#187; custom_padding_last_edited=&#187;off|desktop&#187; padding_tablet=&#187;|0px||&#187; padding_last_edited=&#187;off|desktop&#187; custom_padding__hover=&#187;|||&#187;][et_pb_blurb title=&#187;Twitter&#187; use_icon=&#187;on&#187; font_icon=&#187;%%292%%&#187; icon_color=&#187;#ffffff&#187; use_circle=&#187;on&#187; circle_color=&#187;#bcc2cd&#187; use_icon_font_size=&#187;on&#187; icon_font_size=&#187;30px&#187; _builder_version=&#187;3.0.105&#8243; header_font=&#187;Merriweather|700|||||||&#187; header_text_color=&#187;#4646c4&#8243; header_font_size=&#187;20px&#187; header_line_height=&#187;2em&#187; body_font=&#187;||||||||&#187; body_font_size=&#187;16px&#187; body_line_height=&#187;1.8em&#187; background_color=&#187;#ffffff&#187; text_orientation=&#187;center&#187; custom_margin=&#187;-100px|||&#187; custom_margin_tablet=&#187;0px|||&#187; custom_margin_phone=&#187;&#187; custom_margin_last_edited=&#187;on|tablet&#187; custom_padding=&#187;40px|30px|40px|30px&#187; animation_style=&#187;zoom&#187; animation_delay=&#187;200ms&#187; animation_intensity_zoom=&#187;20%&#187; border_color_all=&#187;#e1e3e5&#8243;]@diviconference<br \/>\n[\/et_pb_blurb][\/et_pb_column][\/et_pb_row][et_pb_row admin_label=&#187;Contact For&#187; _builder_version=&#187;3.25&#8243; max_width=&#187;700px&#187; custom_margin=&#187;|||&#187; custom_padding=&#187;|||&#187; use_custom_width=&#187;on&#187; custom_width_px=&#187;700px&#187; locked=&#187;off&#187;][et_pb_column type=&#187;4_4&#8243; _builder_version=&#187;3.25&#8243; custom_padding=&#187;|||&#187; custom_padding__hover=&#187;|||&#187;][et_pb_text admin_label=&#187;Title&#187; _builder_version=&#187;4.9.2&#8243; text_font=&#187;||||||||&#187; header_font=&#187;||||||||&#187; header_2_font=&#187;Merriweather|700|||||||&#187; header_2_text_align=&#187;center&#187; header_2_font_size=&#187;40px&#187; header_2_line_height=&#187;1.3em&#187; max_width=&#187;700px&#187; module_alignment=&#187;center&#187; custom_margin=&#187;||15px|&#187;]<\/p>\n<h2>Senden Sie uns eine Nachricht<\/h2>\n<p>[\/et_pb_text][et_pb_text _builder_version=&#187;4.9.2&#8243; text_font=&#187;||||||||&#187; text_font_size=&#187;20px&#187; text_line_height=&#187;1.8em&#187; header_font=&#187;||||||||&#187; text_orientation=&#187;center&#187; max_width=&#187;700px&#187; module_alignment=&#187;center&#187;]<\/p>\n<p>Bis wir die online-Registrierung eingerichtet haben, k\u00f6nnen Sie uns hier eine Nachricht schicken!<\/p>\n<p>[\/et_pb_text][et_pb_contact_form email=&#187;info@plenum-vs.ch&#187; success_message=&#187;Danke f\u00fcr Ihre Nachricht, Wir melden uns bei Ihnen.&#187; module_id=&#187;et_pb_contact_form_0&#8243; _builder_version=&#187;4.9.2&#8243; form_field_background_color=&#187;#ffffff&#187; title_font=&#187;||||||||&#187; form_field_font=&#187;||||||||&#187; form_field_font_size=&#187;16px&#187; custom_button=&#187;on&#187; button_text_size=&#187;14px&#187; button_text_color=&#187;#FFFFFF&#187; button_bg_color=&#187;#E02B20&#8243; button_border_width=&#187;8px&#187; button_border_color=&#187;#E02B20&#8243; button_border_radius=&#187;0px&#187; button_letter_spacing=&#187;1px&#187; button_font=&#187;|700||on|||||&#187; button_icon=&#187;%%3%%&#187; button_on_hover=&#187;off&#187; module_alignment=&#187;center&#187; custom_margin=&#187;70px|||&#187; custom_padding=&#187;|||&#187; border_width_all=&#187;1px&#187; border_color_all=&#187;#e1e3e5&#8243; form_background_color=&#187;#ffffff&#187; button_letter_spacing_hover=&#187;1px&#187;][et_pb_contact_field field_id=&#187;Name&#187; field_title=&#187;Name&#187; _builder_version=&#187;3.16&#8243; button_text_size__hover_enabled=&#187;off&#187; button_one_text_size__hover_enabled=&#187;off&#187; button_two_text_size__hover_enabled=&#187;off&#187; button_text_color__hover_enabled=&#187;off&#187; button_one_text_color__hover_enabled=&#187;off&#187; button_two_text_color__hover_enabled=&#187;off&#187; button_border_width__hover_enabled=&#187;off&#187; button_one_border_width__hover_enabled=&#187;off&#187; button_two_border_width__hover_enabled=&#187;off&#187; button_border_color__hover_enabled=&#187;off&#187; button_one_border_color__hover_enabled=&#187;off&#187; button_two_border_color__hover_enabled=&#187;off&#187; button_border_radius__hover_enabled=&#187;off&#187; button_one_border_radius__hover_enabled=&#187;off&#187; button_two_border_radius__hover_enabled=&#187;off&#187; button_letter_spacing__hover_enabled=&#187;off&#187; button_one_letter_spacing__hover_enabled=&#187;off&#187; button_two_letter_spacing__hover_enabled=&#187;off&#187; button_bg_color__hover_enabled=&#187;off&#187; button_one_bg_color__hover_enabled=&#187;off&#187; button_two_bg_color__hover_enabled=&#187;off&#187;][\/et_pb_contact_field][et_pb_contact_field field_id=&#187;Email&#187; field_title=&#187;Email Address&#187; field_type=&#187;email&#187; _builder_version=&#187;3.16&#8243; button_text_size__hover_enabled=&#187;off&#187; button_one_text_size__hover_enabled=&#187;off&#187; button_two_text_size__hover_enabled=&#187;off&#187; button_text_color__hover_enabled=&#187;off&#187; button_one_text_color__hover_enabled=&#187;off&#187; button_two_text_color__hover_enabled=&#187;off&#187; button_border_width__hover_enabled=&#187;off&#187; button_one_border_width__hover_enabled=&#187;off&#187; button_two_border_width__hover_enabled=&#187;off&#187; button_border_color__hover_enabled=&#187;off&#187; button_one_border_color__hover_enabled=&#187;off&#187; button_two_border_color__hover_enabled=&#187;off&#187; button_border_radius__hover_enabled=&#187;off&#187; button_one_border_radius__hover_enabled=&#187;off&#187; button_two_border_radius__hover_enabled=&#187;off&#187; button_letter_spacing__hover_enabled=&#187;off&#187; button_one_letter_spacing__hover_enabled=&#187;off&#187; button_two_letter_spacing__hover_enabled=&#187;off&#187; button_bg_color__hover_enabled=&#187;off&#187; button_one_bg_color__hover_enabled=&#187;off&#187; button_two_bg_color__hover_enabled=&#187;off&#187;][\/et_pb_contact_field][et_pb_contact_field field_id=&#187;Message&#187; field_title=&#187;Message&#187; field_type=&#187;text&#187; fullwidth_field=&#187;on&#187; _builder_version=&#187;3.16&#8243; button_text_size__hover_enabled=&#187;off&#187; button_one_text_size__hover_enabled=&#187;off&#187; button_two_text_size__hover_enabled=&#187;off&#187; button_text_color__hover_enabled=&#187;off&#187; button_one_text_color__hover_enabled=&#187;off&#187; button_two_text_color__hover_enabled=&#187;off&#187; button_border_width__hover_enabled=&#187;off&#187; button_one_border_width__hover_enabled=&#187;off&#187; button_two_border_width__hover_enabled=&#187;off&#187; button_border_color__hover_enabled=&#187;off&#187; button_one_border_color__hover_enabled=&#187;off&#187; button_two_border_color__hover_enabled=&#187;off&#187; button_border_radius__hover_enabled=&#187;off&#187; button_one_border_radius__hover_enabled=&#187;off&#187; button_two_border_radius__hover_enabled=&#187;off&#187; button_letter_spacing__hover_enabled=&#187;off&#187; button_one_letter_spacing__hover_enabled=&#187;off&#187; button_two_letter_spacing__hover_enabled=&#187;off&#187; button_bg_color__hover_enabled=&#187;off&#187; button_one_bg_color__hover_enabled=&#187;off&#187; button_two_bg_color__hover_enabled=&#187;off&#187;][\/et_pb_contact_field][\/et_pb_contact_form][\/et_pb_column][\/et_pb_row][\/et_pb_section][et_pb_section fb_built=&#187;1&#8243; admin_label=&#187;Subscribe&#187; _builder_version=&#187;4.9.2&#8243; background_color=&#187;RGBA(0,0,0,0)&#187; background_blend=&#187;soft-light&#187; custom_padding=&#187;100px|0px|100px|0px&#187;][et_pb_row _builder_version=&#187;4.9.2&#8243;][et_pb_column type=&#187;4_4&#8243; _builder_version=&#187;3.25&#8243; custom_padding=&#187;|||&#187; custom_padding__hover=&#187;|||&#187;][et_pb_signup first_name_field=&#187;off&#187; last_name_field=&#187;off&#187; title=&#187;Bleiben Sie auf dem Laufenden und registrieren Sie sich f\u00fcr unseren Newsletter. Hier klicken!&#187; button_text=&#187;Jetzt registrieren&#187; _builder_version=&#187;4.9.2&#8243; form_field_background_color=&#187;#282b66&#8243; form_field_text_color=&#187;#ffffff&#187; form_field_focus_background_color=&#187;#ffffff&#187; form_field_focus_text_color=&#187;#ffffff&#187; header_font=&#187;Merriweather|700|||||||&#187; header_font_size=&#187;40px&#187; header_line_height=&#187;1.3em&#187; body_font=&#187;||||||||&#187; body_font_size=&#187;18px&#187; body_line_height=&#187;1.8em&#187; result_message_font=&#187;||||||||&#187; result_message_text_color=&#187;#717baf&#187; custom_button=&#187;on&#187; button_text_size=&#187;14px&#187; button_text_color=&#187;#ffffff&#187; button_bg_color=&#187;#475bbd&#187; button_border_width=&#187;8px&#187; button_border_color=&#187;#475bbd&#187; button_border_radius=&#187;0px&#187; button_letter_spacing=&#187;1px&#187; button_font=&#187;|700||on|||||&#187; button_icon=&#187;%%3%%&#187; button_on_hover=&#187;off&#187; link_option_url=&#187;https:\/\/mailchi.mp\/86d44207bd22\/wdj&#187; border_radii_fields=&#187;on||||&#187; button_letter_spacing_hover=&#187;1px&#187; focus_background_color=&#187;#ffffff&#187; focus_text_color=&#187;#ffffff&#187; button_text_size__hover_enabled=&#187;off&#187; button_one_text_size__hover_enabled=&#187;off&#187; button_two_text_size__hover_enabled=&#187;off&#187; button_text_color__hover_enabled=&#187;off&#187; button_one_text_color__hover_enabled=&#187;off&#187; button_two_text_color__hover_enabled=&#187;off&#187; button_border_width__hover_enabled=&#187;off&#187; button_one_border_width__hover_enabled=&#187;off&#187; button_two_border_width__hover_enabled=&#187;off&#187; button_border_color__hover_enabled=&#187;off&#187; button_one_border_color__hover_enabled=&#187;off&#187; button_two_border_color__hover_enabled=&#187;off&#187; button_border_radius__hover_enabled=&#187;off&#187; button_one_border_radius__hover_enabled=&#187;off&#187; button_two_border_radius__hover_enabled=&#187;off&#187; button_letter_spacing__hover_enabled=&#187;on&#187; button_letter_spacing__hover=&#187;1px&#187; button_one_letter_spacing__hover_enabled=&#187;off&#187; button_two_letter_spacing__hover_enabled=&#187;off&#187; button_bg_color__hover_enabled=&#187;off&#187; button_one_bg_color__hover_enabled=&#187;off&#187; button_two_bg_color__hover_enabled=&#187;off&#187;]Lorem ipsum dolor sit amet, consectetur adipiscing elit. Quisque placerat sapien condimentum imperdiet cursus.<br \/>\n[\/et_pb_signup][\/et_pb_column][\/et_pb_row][\/et_pb_section]<\/p>\n","protected":false},"excerpt":{"rendered":"<p>[et_pb_section fb_built=&#187;1&#8243; custom_padding_last_edited=&#187;off|desktop&#187; admin_label=&#187;Hero&#187; _builder_version=&#187;3.22&#8243; use_background_color_gradient=&#187;on&#187; background_color_gradient_start=&#187;#ffffff&#187; background_color_gradient_end=&#187;#e7edf9&#8243; custom_margin=&#187;|||&#187; custom_padding=&#187;100px||100px|&#187; custom_padding_tablet=&#187;130px||130px|&#187;][et_pb_row column_structure=&#187;1_2,1_2&#8243; _builder_version=&#187;3.25&#8243; background_size=&#187;initial&#187; background_position=&#187;top_left&#187; background_repeat=&#187;repeat&#187; custom_margin=&#187;|||&#187;][et_pb_column type=&#187;1_2&#8243; _builder_version=&#187;3.25&#8243; custom_padding=&#187;|||&#187; custom_padding__hover=&#187;|||&#187;][et_pb_text _builder_version=&#187;4.9.2&#8243; header_font=&#187;Merriweather|700|||||||&#187; header_font_size=&#187;46px&#187; header_line_height=&#187;1.3em&#187; custom_margin=&#187;||0px|&#187; animation_style=&#187;flip&#187; animation_direction=&#187;top&#187;] Registrieren und Mitglied werden [\/et_pb_text][et_pb_divider color=&#187;#4646c4&#8243; divider_position=&#187;center&#187; divider_weight=&#187;2px&#187; _builder_version=&#187;3.2&#8243; max_width=&#187;90px&#187; max_width_tablet=&#187;12%&#187; max_width_last_edited=&#187;off|desktop&#187; custom_margin=&#187;|||&#187; animation_style=&#187;flip&#187; animation_delay=&#187;50ms&#187;][\/et_pb_divider][et_pb_text _builder_version=&#187;4.9.2&#8243; text_font=&#187;||||||||&#187; text_font_size=&#187;20px&#187; text_line_height=&#187;1.8em&#187; custom_margin=&#187;25px|||&#187; animation_style=&#187;flip&#187; animation_direction=&#187;top&#187; animation_delay=&#187;100ms&#187;] Hier finden Sie in [&hellip;]<\/p>\n","protected":false},"author":1,"featured_media":0,"parent":0,"menu_order":0,"comment_status":"closed","ping_status":"closed","template":"","meta":{"_et_pb_use_builder":"on","_et_pb_old_content":"","_et_gb_content_width":"","footnotes":""},"class_list":["post-462","page","type-page","status-publish","hentry"],"_links":{"self":[{"href":"https:\/\/plenum-vs.ch\/index.php\/wp-json\/wp\/v2\/pages\/462","targetHints":{"allow":["GET"]}}],"collection":[{"href":"https:\/\/plenum-vs.ch\/index.php\/wp-json\/wp\/v2\/pages"}],"about":[{"href":"https:\/\/plenum-vs.ch\/index.php\/wp-json\/wp\/v2\/types\/page"}],"author":[{"embeddable":true,"href":"https:\/\/plenum-vs.ch\/index.php\/wp-json\/wp\/v2\/users\/1"}],"replies":[{"embeddable":true,"href":"https:\/\/plenum-vs.ch\/index.php\/wp-json\/wp\/v2\/comments?post=462"}],"version-history":[{"count":13,"href":"https:\/\/plenum-vs.ch\/index.php\/wp-json\/wp\/v2\/pages\/462\/revisions"}],"predecessor-version":[{"id":482,"href":"https:\/\/plenum-vs.ch\/index.php\/wp-json\/wp\/v2\/pages\/462\/revisions\/482"}],"wp:attachment":[{"href":"https:\/\/plenum-vs.ch\/index.php\/wp-json\/wp\/v2\/media?parent=462"}],"curies":[{"name":"wp","href":"https:\/\/api.w.org\/{rel}","templated":true}]}}