{"id":170,"date":"2021-03-28T13:06:19","date_gmt":"2021-03-28T12:06:19","guid":{"rendered":"https:\/\/temp2studiob.ch\/?page_id=170"},"modified":"2021-03-28T13:06:23","modified_gmt":"2021-03-28T12:06:23","slug":"brief-des-praesidenten","status":"publish","type":"page","link":"https:\/\/plenum-vs.ch\/index.php\/brief-des-praesidenten\/","title":{"rendered":"Brief des Pr\u00e4sidenten"},"content":{"rendered":"<p>[et_pb_section fb_built=&#187;1&#8243; _builder_version=&#187;4.9.2&#8243; _module_preset=&#187;default&#187; locked=&#187;off&#187;][et_pb_row _builder_version=&#187;4.9.2&#8243; _module_preset=&#187;default&#187;][et_pb_column type=&#187;4_4&#8243; _builder_version=&#187;4.9.2&#8243; _module_preset=&#187;default&#187;][et_pb_text _builder_version=&#187;4.9.2&#8243; _module_preset=&#187;default&#187; hover_enabled=&#187;0&#8243; sticky_enabled=&#187;0&#8243;]<\/p>\n<h1><span style=\"color: #808080;\">Brief des Pr\u00e4sidenten<\/span><\/h1>\n<p>[\/et_pb_text][et_pb_text _builder_version=&#187;4.9.2&#8243; _module_preset=&#187;default&#187; hover_enabled=&#187;0&#8243; sticky_enabled=&#187;0&#8243;]<\/p>\n<div class=\"fwelement fwtitle fwtitle2 \">\n<h2><span style=\"color: #ff0000;\">Das Plenum VS trotzt den Turbulenzen<\/span><\/h2>\n<\/div>\n<div class=\"fwelement fwtext fwtext0 \">\n<p>Der Bericht des Pr\u00e4sidiums beginnt wie jedes Jahr mit der Mitgliederversammlung des abgelaufenen Vereinsjahres, welche am 21. Januar\u00a0 2021 per Zoom den Auftakt in das neue Vereinsjahr bildete. Wohl kaum jemand war anfangs 2020 in der Lage, sich das Vereinsjahr 2020 mit seinen einschneidenden Entwicklungen vorzustellen, geschweige denn vorherzusagen. Wuhan war weit weg, die dortige lokale Epidemie und das rigorose Vorgehen der chinesischen Regierung machte uns h\u00f6chstens betroffen, betrafen uns aber nicht.<\/p>\n<p>In der Zwischenzeit ist das Covid-19 Virus Teil unserer Realit\u00e4t geworden und hat uns gezwungen, vieles, was fr\u00fcher selbstverst\u00e4ndlich war, neu zu definieren und uns neu zu erfinden &#8211; willkommen in der vierten industriellen Revolution. Dieser erzwungene Sprung in eine erh\u00f6hte Digitalisierung er\u00f6ffnet unserem Verein aber auch enorme Chancen.<\/p>\n<h4><strong>R\u00fcckblick<\/strong><\/h4>\n<p>Der Grundgedanke unseres Vereins, durch eine rege Teilnahme an den Anl\u00e4ssen Beziehungen zu kn\u00fcpfen und zu vertiefen, hat wohl immer noch seine Richtigkeit, aber diese Anl\u00e4sse werden vermehrt auch elektronisch stattfinden. Die virtuelle Welt erlaubt uns einen Informationsaustausch zu Themen rund um das Wallis, zeitsparend und ohne grossen Aufwand von \u00fcberall auf der Welt durchzuf\u00fchren, w\u00e4hrenddessen sich in den physischen Anl\u00e4ssen der Schwerpunkt in den Aufbau und die Pflege von pers\u00f6nlichen Beziehungen verschiebt. Das Vereinsjahr 2021 wird sich seinen Weg durch dieses Spannungsfeld noch suchen m\u00fcssen. Die GV am 21.01.2021 findet demzufolge virtuell statt und soll auch interaktiv sein. Hier werden wir sicherlich noch etwas \u00fcben m\u00fcssen, bis wir uns daran gew\u00f6hnt haben. Wir bedanken uns an dieser Stelle im Voraus f\u00fcr eure zahlreiche, interaktive Teilnahme und damit Unterst\u00fctzung unseres Vereins ganz herzlich.<\/p>\n<p>Im abgelaufenen Vereinsjahr sind wir im Plenum VS teilweise dem Virus entkommen. Wir konnten im Januar noch ganz normal unsere GV in Z\u00fcrich durchf\u00fchren und den Verein f\u00fcr das neue Vereinsjahr konstituieren. Die GV wurde vom Pr\u00e4sident Martin Luggen gef\u00fchrt. Pr\u00e4sident, Vorstand und Revisor wurden einstimmig wiedergew\u00e4hlt. Nicole B\u00fctzberger wurde neu zur Vizepr\u00e4sidentin erkoren und mit dem Ressort \u00abSocial Media\u00bb beauftragt. In ihren \u00c4mtern best\u00e4tigt wurden Martin Nellen mit der F\u00fchrung der Kasse und Roman Schnidrig bez\u00fcglich den administrativen Belangen des Vereins, sowie auch Reiny Schnyder und Michael Schmidt mit der Organisation des Walliser des Jahres, unser wichtigster und anspruchsvollster Anlass. In einer angeregten Diskussion evaluierten die anwesenden Mitglieder ferner M\u00f6glichkeiten von Sponsoring f\u00fcr den Walliser des Jahres.<\/p>\n<p>Daraufhin nahm der Vorstand seine Arbeit gem\u00e4ss den Beschl\u00fcssen auf und tauschte sich an 11 Vorstandsitzungen aus, welche bis auf eine virtuell durchgef\u00fchrt wurden.<\/p>\n<p>Gl\u00fccklicherweise haben wir die Honorierung von Sina zur Walliserin des Jahres auf Ende Sommer angesetzt, so dass wir diesen Anlass in Bern physisch durchf\u00fchren konnten. Ein ausgezeichnetes Interview mit Prof. Dr. Diego Kuonen zum Thema \u00abBig Data\u00bb rundete den Anlass perfekt ab. S\u00e4ngerin Christine Juon sorgte mit ihrer beeindruckenden Stimmenvielfalt auf allen Genres mit ihren beiden Bandkollegen f\u00fcr die musikalische Begleitung des Abends. Alle anderen geplanten Anl\u00e4sse, namentlich der Kulturanlass mit der Ausstellung FAKE im Mai im Stapfenhaus in Lenzburg, die musikalische Genusswanderung im Juli in Jeizinen und die lukullischen Gen\u00fcsse im November in Z\u00fcrich sind schnell erz\u00e4hlt: ABGESAGT.<\/p>\n<p>Im Mai hat Roman Schnidrig seinen R\u00fccktritt aus dem Vorstand des Plenum VS im Hinblick auf die n\u00e4chste GV angek\u00fcndigt um sich Zeit f\u00fcr andere Verpflichtungen zu schaffen. Roman wurde im M\u00e4rz 2014 in den Vorstand gew\u00e4hlt. Er zeichnete sich nicht nur in der Organisation von Anl\u00e4ssen und der administrativen Verwaltung des Vereins aus, als Pr\u00e4sident habe ich ihn besonders als ruhigen und ausgeglichenen Kollegen sch\u00e4tzen gelernt, welcher in ausweglosen Situationen immer wieder Wege und L\u00f6sungen aufzeigen konnte.<\/p>\n<p>Als Nachfolger haben wir in der der Person von Patrick Zehner einen sehr geeigneten Kandidaten gefunden. Patrick ist seit vielen Jahren Mitglied des Vereins und arbeitet in der Verwaltung des Kanton Wallis in der Kommunikation. Ein grosses Dankesch\u00f6n an Roman und herzliches Willkommen Patrick!<\/p>\n<p>Erfreulich entwickelt sich unsere Mitgliederzahl. Im Vereinsjahr 2018 reduzierte sich die Zahl der Mitglieder auf unter 80. Diesen Trend konnten wir gl\u00fccklicherweise aufhalten und z\u00e4hlen wieder knapp 100 Mitglieder &#8211; jetzt zwei Jahre in Serie einen Mitgliederzuwachs zu verzeichnen stimmt uns hoffnungsvoll!<\/p>\n<h4><strong>Ausblick<\/strong><\/h4>\n<p>Ein kurzer Ausblick auf das Programm 2021, welches noch mit vielen Unsicherheiten verbunden ist. Wir werden den Fokus auf eine w\u00fcrdenvolle Honorierung des n\u00e4chsten Walliser des Jahres legen. Dieses Format zieht jedes Jahr viele Leute an und ist zu einem Treffpunkt von Walliserinnen und Walliser geworden. Aber auch die bew\u00e4hrten anderen Anl\u00e4sse sollen zur Vernetzung, Pflege und Wachstum des Vereins beitragen, geplant sind:<\/p>\n<ul>\n<li>21. Januar: GV via Videokonferenz (Zoom)<\/li>\n<li>29. Mai: Ausflug nach Basel<\/li>\n<li>19. August: Walliser des Jahres in Bern<\/li>\n<li>Herbst: Lukullische Gen\u00fcsse<\/li>\n<\/ul>\n<p>Reserviert euch doch bitte diese Termine.<\/p>\n<p>Freundliche Gr\u00fcsse im Namen des Vorstands,<br \/>Dr. Martin Luggen, Pr\u00e4sident Plenum VS<\/p>\n<\/div>\n<p>[\/et_pb_text][\/et_pb_column][\/et_pb_row][\/et_pb_section]<\/p>\n","protected":false},"excerpt":{"rendered":"<p>[et_pb_section fb_built=&#187;1&#8243; _builder_version=&#187;4.9.2&#8243; _module_preset=&#187;default&#187; locked=&#187;off&#187;][et_pb_row _builder_version=&#187;4.9.2&#8243; _module_preset=&#187;default&#187;][et_pb_column type=&#187;4_4&#8243; _builder_version=&#187;4.9.2&#8243; _module_preset=&#187;default&#187;][et_pb_text _builder_version=&#187;4.9.2&#8243; _module_preset=&#187;default&#187; hover_enabled=&#187;0&#8243; sticky_enabled=&#187;0&#8243;] Brief des Pr\u00e4sidenten [\/et_pb_text][et_pb_text _builder_version=&#187;4.9.2&#8243; _module_preset=&#187;default&#187; hover_enabled=&#187;0&#8243; sticky_enabled=&#187;0&#8243;] Das Plenum VS trotzt den Turbulenzen Der Bericht des Pr\u00e4sidiums beginnt wie jedes Jahr mit der Mitgliederversammlung des abgelaufenen Vereinsjahres, welche am 21. Januar\u00a0 2021 per Zoom den Auftakt in das neue Vereinsjahr [&hellip;]<\/p>\n","protected":false},"author":1,"featured_media":0,"parent":0,"menu_order":0,"comment_status":"closed","ping_status":"closed","template":"","meta":{"_et_pb_use_builder":"on","_et_pb_old_content":"","_et_gb_content_width":"","footnotes":""},"class_list":["post-170","page","type-page","status-publish","hentry"],"_links":{"self":[{"href":"https:\/\/plenum-vs.ch\/index.php\/wp-json\/wp\/v2\/pages\/170","targetHints":{"allow":["GET"]}}],"collection":[{"href":"https:\/\/plenum-vs.ch\/index.php\/wp-json\/wp\/v2\/pages"}],"about":[{"href":"https:\/\/plenum-vs.ch\/index.php\/wp-json\/wp\/v2\/types\/page"}],"author":[{"embeddable":true,"href":"https:\/\/plenum-vs.ch\/index.php\/wp-json\/wp\/v2\/users\/1"}],"replies":[{"embeddable":true,"href":"https:\/\/plenum-vs.ch\/index.php\/wp-json\/wp\/v2\/comments?post=170"}],"version-history":[{"count":4,"href":"https:\/\/plenum-vs.ch\/index.php\/wp-json\/wp\/v2\/pages\/170\/revisions"}],"predecessor-version":[{"id":175,"href":"https:\/\/plenum-vs.ch\/index.php\/wp-json\/wp\/v2\/pages\/170\/revisions\/175"}],"wp:attachment":[{"href":"https:\/\/plenum-vs.ch\/index.php\/wp-json\/wp\/v2\/media?parent=170"}],"curies":[{"name":"wp","href":"https:\/\/api.w.org\/{rel}","templated":true}]}}